{"id":3177,"date":"2018-10-06T22:17:47","date_gmt":"2018-10-06T19:17:47","guid":{"rendered":"https:\/\/www.altungida.com.tr\/?page_id=3177"},"modified":"2018-10-06T22:17:47","modified_gmt":"2018-10-06T19:17:47","slug":"kalite-politikasi","status":"publish","type":"page","link":"https:\/\/www.altungida.com.tr\/en\/kalite-politikasi\/","title":{"rendered":"Kalite Politikas\u0131"},"content":{"rendered":"<p class=\"s5\"><span class=\"s4\"><span class=\"bumpedFont15\">GIDA G\u00dcVENL\u0130\u011e\u0130 VE K<\/span><\/span><span class=\"s4\"><span class=\"bumpedFont15\">AL\u0130TE Y\u00d6NET\u0130M S\u0130STEM\u0130 ENTEGRE <\/span><\/span><span class=\"s4\"><span class=\"bumpedFont15\">KAL\u0130TE POL\u0130T\u0130KASI<\/span><\/span><\/p>\n<p><span class=\"s6\"><span class=\"bumpedFont15\">\u00a0 \u00a0 \u00a0<\/span><\/span><span class=\"s6\"><span class=\"bumpedFont15\">Sekt\u00f6r\u00fcm\u00fczde kalite lideri bir firma olmak hedefi do\u011frultusunda;<\/span><\/span><\/p>\n<div class=\"s8\"><span class=\"s7\">\u2756 <\/span><span class=\"s6\"><span class=\"bumpedFont15\">\u00dcretimin ilk a\u015famas\u0131ndan ba\u015flayarak; hammadde al\u0131m, \u00fcretim, depolama ve sevkiyat\u0131na kadar hijyenik ortam sa\u011flamak,<\/span><\/span><\/div>\n<div class=\"s8\"><span class=\"s7\">\u2756 <\/span><span class=\"s6\"><span class=\"bumpedFont15\">S\u00fcrekli e\u011fitim ve bilin\u00e7lendirme ile kalite ve g\u0131da g\u00fcvenli\u011fini en \u00fcst d\u00fczeye \u00e7\u0131karmak<\/span><\/span><\/div>\n<div class=\"s8\"><span class=\"s7\">\u2756 <\/span><span class=\"s6\"><span class=\"bumpedFont15\">G\u0131da g\u00fcvenli\u011fi standart\u0131n\u0131n s\u00fcreklili\u011fini sa\u011flamak<\/span><\/span><span class=\"s6\"><span class=\"bumpedFont15\">,<\/span><\/span><\/div>\n<div class=\"s8\"><span class=\"s7\">\u2756 <\/span><span class=\"s6\"><span class=\"bumpedFont15\">\u00dcretimin her a\u015famas\u0131nda kontrol\u00fc sa\u011flayarak, problemleri ortaya \u00e7\u0131kmadan \u00f6nlemek,<\/span><\/span><\/div>\n<div class=\"s8\"><span class=\"s7\">\u2756 <\/span><span class=\"s6\"><span class=\"bumpedFont15\">G\u0131da zincirindeki t\u00fcm kurulu\u015flarla etkin bir ileti\u015fim sa\u011flamak,<\/span><\/span><\/div>\n<div class=\"s8\"><span class=\"s7\">\u2756 <\/span><span class=\"s6\"><span class=\"bumpedFont15\">\u00dcretimimizi tar\u0131m bakanl\u0131\u011f\u0131n\u0131n, di\u011fer resmi kurum ve kurulu\u015flar\u0131n kanun ve t\u00fcz\u00fck y\u00f6netmeliklerine uygun olarak hareket etmek amac\u0131yla;<\/span><\/span><\/div>\n<p class=\"s9\"><span class=\"s6\"><span class=\"bumpedFont15\">Kalite y\u00f6netim sistem \u015fartlar\u0131na uygun olarak s\u00fcrekli iyile\u015ftirmeyi, geli\u015ftirmeyi felsefe edinen bir anlay\u0131\u015f bizim Kalite G\u00fcvenli\u011fi politikam\u0131zd\u0131r<\/span><\/span><span class=\"s6\"><span class=\"bumpedFont15\">.<\/span><\/span><\/p>","protected":false},"excerpt":{"rendered":"<p>GIDA G\u00dcVENL\u0130\u011e\u0130 VE KAL\u0130TE Y\u00d6NET\u0130M S\u0130STEM\u0130 ENTEGRE KAL\u0130TE POL\u0130T\u0130KASI \u00a0 \u00a0 \u00a0Sekt\u00f6r\u00fcm\u00fczde kalite lideri bir firma olmak hedefi do\u011frultusunda; \u2756 \u00dcretimin ilk a\u015famas\u0131ndan ba\u015flayarak; hammadde al\u0131m, \u00fcretim, depolama ve sevkiyat\u0131na kadar hijyenik ortam sa\u011flamak, \u2756 S\u00fcrekli e\u011fitim ve bilin\u00e7lendirme ile kalite ve g\u0131da g\u00fcvenli\u011fini en \u00fcst d\u00fczeye \u00e7\u0131karmak \u2756 G\u0131da g\u00fcvenli\u011fi standart\u0131n\u0131n s\u00fcreklili\u011fini sa\u011flamak, \u2756 [&hellip;]<\/p>","protected":false},"author":6,"featured_media":0,"parent":0,"menu_order":0,"comment_status":"closed","ping_status":"closed","template":"","meta":{"footnotes":""},"_links":{"self":[{"href":"https:\/\/www.altungida.com.tr\/en\/wp-json\/wp\/v2\/pages\/3177"}],"collection":[{"href":"https:\/\/www.altungida.com.tr\/en\/wp-json\/wp\/v2\/pages"}],"about":[{"href":"https:\/\/www.altungida.com.tr\/en\/wp-json\/wp\/v2\/types\/page"}],"author":[{"embeddable":true,"href":"https:\/\/www.altungida.com.tr\/en\/wp-json\/wp\/v2\/users\/6"}],"replies":[{"embeddable":true,"href":"https:\/\/www.altungida.com.tr\/en\/wp-json\/wp\/v2\/comments?post=3177"}],"version-history":[{"count":1,"href":"https:\/\/www.altungida.com.tr\/en\/wp-json\/wp\/v2\/pages\/3177\/revisions"}],"predecessor-version":[{"id":3178,"href":"https:\/\/www.altungida.com.tr\/en\/wp-json\/wp\/v2\/pages\/3177\/revisions\/3178"}],"wp:attachment":[{"href":"https:\/\/www.altungida.com.tr\/en\/wp-json\/wp\/v2\/media?parent=3177"}],"curies":[{"name":"wp","href":"https:\/\/api.w.org\/{rel}","templated":true}]}}