{"id":742,"date":"2017-03-20T01:57:25","date_gmt":"2017-03-20T01:57:25","guid":{"rendered":"http:\/\/demo.themeftc.com\/woo_organic_food\/store\/?page_id=742"},"modified":"2024-10-30T14:21:43","modified_gmt":"2024-10-30T11:21:43","slug":"hakkimizda","status":"publish","type":"page","link":"https:\/\/www.altungida.com.tr\/en\/hakkimizda\/","title":{"rendered":"Hakk\u0131m\u0131zda"},"content":{"rendered":"<div  class=\"vc_row wpb_row vc_row-fluid about-us vc_custom_1494840085149 ftc-row-wide\"   ><div class=\"wpb_column vc_column_container vc_col-sm-12\"><div class=\"wpb_wrapper\"><div class=\"ftc-heading heading-1 style-1\"><h1>Hakk\u0131m\u0131zda<\/h1><\/div><\/div><\/div><div class=\"wpb_column vc_column_container vc_col-sm-6\"><div class=\"wpb_wrapper\">\n\t<div class=\"wpb_text_column wpb_content_element  vc_custom_1730287293154\" >\n\t\t<div class=\"wpb_wrapper\">\n\t\t\t<p><strong>ALTUN GIDA SANAY\u0130 VE T\u0130CARET LTD.\u015eT\u0130.<\/strong><\/p>\n<p>Firmam\u0131z 1964 y\u0131l\u0131nda rahmetli babam\u0131z Mehmet\u00a0Paltun\u00a0taraf\u0131ndan kurulmu\u015ftur. 1964 y\u0131l\u0131 \u00f6ncesinde dedemiz Mahmut\u00a0Paltun\u00a0y\u00fcr\u00fctt\u00fc\u011f\u00fc f\u0131nd\u0131k ticaretini 1987 y\u0131l\u0131nda o\u011flu Halil\u00a0Paltun\u2019a\u00a0devretmi\u015ftir. Y\u0131ll\u0131k ortalama 500-800 ton civar\u0131nda kabuklu f\u0131nd\u0131k\u00a0tedari\u011fi\u00a0yapan firmam\u0131z 1992 y\u0131l\u0131nda \u015firketle\u015ferek faaliyetlerine\u00a0Altun\u00a0G\u0131da San. ve Tic. Ltd. \u015eti. olarak devam etmi\u015ftir. Y\u0131ll\u0131k kabuklu f\u0131nd\u0131k tedarik miktar\u0131n\u0131 3500-4000 tonlara \u00e7\u0131karan \u015firketimiz y\u0131llarca Tirebolu\u2019nun f\u0131nd\u0131\u011f\u0131n\u0131 kabuklu olarak T\u00fcrkiye\u2019nin say\u0131l\u0131 \u015firketlerine satm\u0131\u015ft\u0131r. Sadece Tirebolu f\u0131nd\u0131\u011f\u0131 i\u015fleme ad\u0131na yola \u00e7\u0131kan \u015firketimiz 2011 y\u0131l\u0131nda Tirebolu\u2019da bulunan f\u0131nd\u0131k k\u0131rma fabrikas\u0131n\u0131 kiralayarak Tirebolu f\u0131nd\u0131\u011f\u0131n\u0131 i\u015flemeye ba\u015flam\u0131\u015ft\u0131r. 2012 y\u0131l\u0131nda\u00a0DOKA\u2019ya\u00a0verdi\u011fi proje ile kavurma i\u015fleme tesisinin temellerini atan \u015firketimiz 2013 y\u0131l\u0131ndan itibaren tam te\u015fekk\u00fcll\u00fc olarak kavurma-k\u0131yma-ezme-vakum ve\u00a0nat\u00fcrel\u00a0paketleme faaliyetlerini h\u0131zland\u0131rm\u0131\u015ft\u0131r. 2015 y\u0131l\u0131ndan sonra f\u0131nd\u0131\u011f\u0131m\u0131z gitti\u011fi her yerde lezzeti ile b\u00fcy\u00fck takdir toplam\u0131\u015f ve f\u0131nd\u0131kta sayg\u0131n firmalara f\u0131nd\u0131k tedarik etmeye ba\u015flam\u0131\u015ft\u0131r.\u00a0Firmam\u0131z\u00a0faaliyeti\u00a0her t\u00fcrl\u00fc f\u0131nd\u0131k al\u0131m- sat\u0131m\u0131, k\u0131rma, kavurma, ihracat i\u015flemleri ve depolama i\u015flemleri ile bug\u00fcn faaliyetine devam etmektedir.<\/p>\n<p>G\u0131da sekt\u00f6r\u00fcnde g\u00fcvenlik ve\u00a0hijyen\u00a0b\u00fcy\u00fck \u00f6nem arz etmektedir. Bu konu firmam\u0131za daha yo\u011fun ve \u00fcst derecede bir sorumluluk y\u00fcklemi\u015ftir.<\/p>\n<p>Firmam\u0131z HACCP sisteminin temelinde \u00f6ncelikle \u00fcretim ile ilgili t\u00fcm\u00a0proseslerde\u00a0kontaminasyonun\u00a0\u00f6nlenmesi ger\u00e7e\u011fi yatmaktad\u0131r. Ayr\u0131ca bu konu ile ili\u015fkili olarak sat\u0131n al\u0131nan hammaddeler son derece titiz bir inceleme ve muayeneden ge\u00e7irilmektedir. Personelin g\u0131da g\u00fcvenli\u011fi ve\u00a0hijyeni\u00a0ile ilgili e\u011fitim ve uygulamalar\u0131\u00a0kontaminasyonu\u00a0\u00f6nleyici faaliyetler aras\u0131nda yer al\u0131r.<\/p>\n<p>HACCP sistemimizin ikinci a\u015famalar\u0131nda olu\u015fan muhtemel\u00a0kontaminasyonlar\u0131n\u00a0\u00fcreme ve \u00e7o\u011falma ortamlar\u0131n\u0131n yok edilmesi yatmaktad\u0131r. Bu hammadde giri\u015finden ve \u00fcretim a\u015famas\u0131ndan sonra t\u00fcketiciye kadar s\u00fcrd\u00fcr\u00fclmesi gere\u011fini ortaya koymu\u015ftur. Firmam\u0131z bu ama\u00e7la gerekli sevkiyat, da\u011f\u0131t\u0131m ve sat\u0131\u015f ko\u015fullar\u0131n\u0131 belirlemi\u015f ve y\u00fcr\u00fcrl\u00fc\u011fe koymu\u015ftur. Uygulamaya konulan HACCP sistemi ile birlikte \u00fcretim, depolama ve sevk a\u015famalar\u0131n\u0131n yan\u0131nda ambalajlama, ta\u015f\u0131ma, sat\u0131n alma ve i\u015faretleme konular\u0131 da gerekti\u011fi \u015fekilde planlanm\u0131\u015f ve y\u00fcr\u00fcrl\u00fc\u011fe al\u0131nm\u0131\u015ft\u0131r.<\/p>\n<p>En kaliteli \u00fcr\u00fcnleri, en ekonomik ko\u015fullarla sizlere ula\u015ft\u0131rmak prensibiyle yolumuza devam ediyoruz. Bu yolda de\u011ferli ele\u015ftirileriniz en \u00f6nemli kayna\u011f\u0131m\u0131z olacakt\u0131r.<\/p>\n<p>T\u00fcrkiye\u2019nin ve T\u00fcrkiyelinin en iyiye lay\u0131k oldu\u011funu d\u00fc\u015f\u00fcn\u00fcyoruz.<\/p>\n\n\t\t<\/div>\n\t<\/div>\n<\/div><\/div><div class=\"wpb_column vc_column_container vc_col-sm-6\"><div class=\"wpb_wrapper\">\t\t<div class=\"ftc-smooth-image smooth-image ftc-smooth\">\n\t\t\t\t\t\t\t \n\t\t\t\t\t<\/div>\n\t\t<\/div><\/div><\/div>","protected":false},"excerpt":{"rendered":"Hakk\u0131m\u0131zda ALTUN GIDA SANAY\u0130 VE T\u0130CARET LTD.\u015eT\u0130. Firmam\u0131z 1964 y\u0131l\u0131nda rahmetli babam\u0131z Mehmet\u00a0Paltun\u00a0taraf\u0131ndan kurulmu\u015ftur. 1964 y\u0131l\u0131 \u00f6ncesinde dedemiz Mahmut\u00a0Paltun\u00a0y\u00fcr\u00fctt\u00fc\u011f\u00fc f\u0131nd\u0131k ticaretini 1987 y\u0131l\u0131nda o\u011flu Halil\u00a0Paltun\u2019a\u00a0devretmi\u015ftir. Y\u0131ll\u0131k ortalama 500-800 ton civar\u0131nda kabuklu f\u0131nd\u0131k\u00a0tedari\u011fi\u00a0yapan firmam\u0131z 1992 y\u0131l\u0131nda \u015firketle\u015ferek faaliyetlerine\u00a0Altun\u00a0G\u0131da San. ve Tic. Ltd. \u015eti. olarak devam etmi\u015ftir. Y\u0131ll\u0131k kabuklu f\u0131nd\u0131k tedarik miktar\u0131n\u0131 3500-4000 tonlara \u00e7\u0131karan \u015firketimiz y\u0131llarca [...]","protected":false},"author":6,"featured_media":0,"parent":0,"menu_order":0,"comment_status":"closed","ping_status":"closed","template":"","meta":{"footnotes":""},"_links":{"self":[{"href":"https:\/\/www.altungida.com.tr\/en\/wp-json\/wp\/v2\/pages\/742"}],"collection":[{"href":"https:\/\/www.altungida.com.tr\/en\/wp-json\/wp\/v2\/pages"}],"about":[{"href":"https:\/\/www.altungida.com.tr\/en\/wp-json\/wp\/v2\/types\/page"}],"author":[{"embeddable":true,"href":"https:\/\/www.altungida.com.tr\/en\/wp-json\/wp\/v2\/users\/6"}],"replies":[{"embeddable":true,"href":"https:\/\/www.altungida.com.tr\/en\/wp-json\/wp\/v2\/comments?post=742"}],"version-history":[{"count":11,"href":"https:\/\/www.altungida.com.tr\/en\/wp-json\/wp\/v2\/pages\/742\/revisions"}],"predecessor-version":[{"id":5899,"href":"https:\/\/www.altungida.com.tr\/en\/wp-json\/wp\/v2\/pages\/742\/revisions\/5899"}],"wp:attachment":[{"href":"https:\/\/www.altungida.com.tr\/en\/wp-json\/wp\/v2\/media?parent=742"}],"curies":[{"name":"wp","href":"https:\/\/api.w.org\/{rel}","templated":true}]}}