{"id":801,"date":"2017-03-20T06:40:31","date_gmt":"2017-03-20T06:40:31","guid":{"rendered":"http:\/\/demo.themeftc.com\/woo_organic_food\/store\/?page_id=801"},"modified":"2024-03-28T14:40:54","modified_gmt":"2024-03-28T11:40:54","slug":"iletisim","status":"publish","type":"page","link":"https:\/\/www.altungida.com.tr\/en\/iletisim\/","title":{"rendered":"\u0130leti\u015fim"},"content":{"rendered":"<div  class=\"vc_row wpb_row vc_row-fluid vc_custom_1500696531413 ftc-row-boxed\"   ><div class=\"contact_info_map wpb_column vc_column_container vc_col-sm-12\"><div class=\"wpb_wrapper\">\n\t<div class=\"wpb_text_column wpb_content_element\" >\n\t\t<div class=\"wpb_wrapper\">\n\t\t\t<div class=\"info_contact\">\n<div class=\"info_column address\">\n<ul>\n<li>\u00c7ar\u015f\u0131 Mah. No: 11<\/li>\n<li>Tirebolu \/ Giresun<\/li>\n<\/ul>\n<\/div>\n<div class=\"info_column phone\">\n<ul>\n<li>Telefon :\u00a00 454 411 43 10<\/li>\n<li>Fax : 0 454 411 29 15<\/li>\n<\/ul>\n<\/div>\n<div class=\"info_column email\">\n<ul>\n<li>Email : info@altungida.com<\/li>\n<li>Web : www.altungida.com.tr<\/li>\n<\/ul>\n<\/div>\n<\/div>\n\n\t\t<\/div>\n\t<\/div>\n<\/div><\/div><\/div>\t<div  class=\"vc_row wpb_row vc_row-fluid ftc-row-wide\"   ><div class=\"map_contact wpb_column vc_column_container vc_col-sm-12\"><div class=\"wpb_wrapper\">\t\t\t<div class=\"google-map-container\" style=\"height:335px\" \n\t\t\t\tdata-address=\"\u00c7ar\u015f\u0131 Mahallesi Naipli Sokak No:11, 28500 Tirebolu\/Giresun\" data-zoom=\"20\" data-map_type=\"ROADMAP\" data-title=\"\">\n\t\t\t\t<div style=\"height:335px\"><\/div>\n\t\t\t<\/div>\n\t\t\t<\/div><\/div><\/div>\t<div  class=\"vc_row wpb_row vc_row-fluid ftc-row-wide\"   ><div class=\"wpb_column vc_column_container vc_col-sm-3\"><div class=\"wpb_wrapper\"><\/div><\/div><div class=\"contact_form wpb_column vc_column_container vc_col-sm-6\"><div class=\"wpb_wrapper\"><div class=\"ftc-heading heading-1 style-1\"><h1>Bize Ula\u015f\u0131n<\/h1><\/div>\n<div class=\"wpcf7 no-js\" id=\"wpcf7-f4-o1\" lang=\"tr-TR\" dir=\"ltr\">\n<div class=\"screen-reader-response\"><p role=\"status\" aria-live=\"polite\" aria-atomic=\"true\"><\/p> <ul><\/ul><\/div>\n<form action=\"\/en\/wp-json\/wp\/v2\/pages\/801#wpcf7-f4-o1\" method=\"post\" class=\"wpcf7-form init\" aria-label=\"Contact form\" novalidate=\"novalidate\" data-status=\"init\" data-trp-original-action=\"\/en\/wp-json\/wp\/v2\/pages\/801#wpcf7-f4-o1\">\n<div style=\"display: none;\">\n<input type=\"hidden\" name=\"_wpcf7\" value=\"4\" \/>\n<input type=\"hidden\" name=\"_wpcf7_version\" value=\"5.9.3\" \/>\n<input type=\"hidden\" name=\"_wpcf7_locale\" value=\"tr_TR\" \/>\n<input type=\"hidden\" name=\"_wpcf7_unit_tag\" value=\"wpcf7-f4-o1\" \/>\n<input type=\"hidden\" name=\"_wpcf7_container_post\" value=\"0\" \/>\n<input type=\"hidden\" name=\"_wpcf7_posted_data_hash\" value=\"\" \/>\n<input type=\"hidden\" name=\"_wpcf7_recaptcha_response\" value=\"\" \/>\n<\/div>\n<p><label> Ad\u0131n\u0131z Soyad\u0131n\u0131z<br \/>\n<span class=\"wpcf7-form-control-wrap\" data-name=\"your-name\"><input size=\"40\" class=\"wpcf7-form-control wpcf7-text wpcf7-validates-as-required\" aria-required=\"true\" aria-invalid=\"false\" value=\"\" type=\"text\" name=\"your-name\" \/><\/span> <\/label>\n<\/p>\n<p><label> Mail Adresi<br \/>\n<span class=\"wpcf7-form-control-wrap\" data-name=\"your-email\"><input size=\"40\" class=\"wpcf7-form-control wpcf7-email wpcf7-validates-as-required wpcf7-text wpcf7-validates-as-email\" aria-required=\"true\" aria-invalid=\"false\" value=\"\" type=\"email\" name=\"your-email\" \/><\/span> <\/label>\n<\/p>\n<p><label> Mesaj\u0131n\u0131z<br \/>\n<span class=\"wpcf7-form-control-wrap\" data-name=\"your-message\"><textarea cols=\"40\" rows=\"10\" class=\"wpcf7-form-control wpcf7-textarea\" aria-invalid=\"false\" name=\"your-message\"><\/textarea><\/span> <\/label>\n<\/p>\n<p><input class=\"wpcf7-form-control wpcf7-submit has-spinner\" type=\"submit\" value=\"G\u00f6nder\" \/>\n<\/p><input type='hidden' class='wpcf7-pum' value='{\"closepopup\":false,\"closedelay\":0,\"openpopup\":false,\"openpopup_id\":0}' \/><div class=\"wpcf7-response-output\" aria-hidden=\"true\"><\/div>\n<input type=\"hidden\" name=\"trp-form-language\" value=\"en\"\/><\/form>\n<\/div>\n<\/div><\/div><div class=\"wpb_column vc_column_container vc_col-sm-3\"><div class=\"wpb_wrapper\"><\/div><\/div><\/div>","protected":false},"excerpt":{"rendered":"\u00c7ar\u015f\u0131 Mah. No: 11 Tirebolu \/ Giresun Telefon :\u00a00 454 411 43 10 Fax : 0 454 411 29 15 Email : info@altungida.com Web : www.altungida.com.tr Bize Ula\u015f\u0131n Ad\u0131n\u0131z Soyad\u0131n\u0131z Mail Adresi Mesaj\u0131n\u0131z","protected":false},"author":6,"featured_media":0,"parent":0,"menu_order":0,"comment_status":"closed","ping_status":"closed","template":"","meta":{"footnotes":""},"_links":{"self":[{"href":"https:\/\/www.altungida.com.tr\/en\/wp-json\/wp\/v2\/pages\/801"}],"collection":[{"href":"https:\/\/www.altungida.com.tr\/en\/wp-json\/wp\/v2\/pages"}],"about":[{"href":"https:\/\/www.altungida.com.tr\/en\/wp-json\/wp\/v2\/types\/page"}],"author":[{"embeddable":true,"href":"https:\/\/www.altungida.com.tr\/en\/wp-json\/wp\/v2\/users\/6"}],"replies":[{"embeddable":true,"href":"https:\/\/www.altungida.com.tr\/en\/wp-json\/wp\/v2\/comments?post=801"}],"version-history":[{"count":13,"href":"https:\/\/www.altungida.com.tr\/en\/wp-json\/wp\/v2\/pages\/801\/revisions"}],"predecessor-version":[{"id":5568,"href":"https:\/\/www.altungida.com.tr\/en\/wp-json\/wp\/v2\/pages\/801\/revisions\/5568"}],"wp:attachment":[{"href":"https:\/\/www.altungida.com.tr\/en\/wp-json\/wp\/v2\/media?parent=801"}],"curies":[{"name":"wp","href":"https:\/\/api.w.org\/{rel}","templated":true}]}}