{"id":2370,"date":"2017-12-02T12:03:15","date_gmt":"2017-12-02T09:03:15","guid":{"rendered":"http:\/\/altungida.yemexpress.org\/?post_type=product&#038;p=2370"},"modified":"2025-09-18T13:51:45","modified_gmt":"2025-09-18T10:51:45","slug":"findik-ezmesi-180gr","status":"publish","type":"product","link":"https:\/\/www.altungida.com.tr\/en\/product\/findik-ezmesi-180gr\/","title":{"rendered":"F\u0131nd\u0131k Ezmesi 180GR"},"content":{"rendered":"","protected":false},"excerpt":{"rendered":"<p>Ezmelerimiz %78 f\u0131nd\u0131k %22 pancar \u015fekeri i\u00e7erir.\u00dcr\u00fcnlerimizin hi\u00e7birinde koruyucu ve katk\u0131 maddesi bulunmamaktad\u0131r.<\/p>","protected":false},"featured_media":5381,"template":"","meta":[],"product_cat":[80],"product_tag":[],"_links":{"self":[{"href":"https:\/\/www.altungida.com.tr\/en\/wp-json\/wp\/v2\/product\/2370"}],"collection":[{"href":"https:\/\/www.altungida.com.tr\/en\/wp-json\/wp\/v2\/product"}],"about":[{"href":"https:\/\/www.altungida.com.tr\/en\/wp-json\/wp\/v2\/types\/product"}],"wp:featuredmedia":[{"embeddable":true,"href":"https:\/\/www.altungida.com.tr\/en\/wp-json\/wp\/v2\/media\/5381"}],"wp:attachment":[{"href":"https:\/\/www.altungida.com.tr\/en\/wp-json\/wp\/v2\/media?parent=2370"}],"wp:term":[{"taxonomy":"product_cat","embeddable":true,"href":"https:\/\/www.altungida.com.tr\/en\/wp-json\/wp\/v2\/product_cat?post=2370"},{"taxonomy":"product_tag","embeddable":true,"href":"https:\/\/www.altungida.com.tr\/en\/wp-json\/wp\/v2\/product_tag?post=2370"}],"curies":[{"name":"wp","href":"https:\/\/api.w.org\/{rel}","templated":true}]}}