{"id":2372,"date":"2017-12-02T12:03:46","date_gmt":"2017-12-02T09:03:46","guid":{"rendered":"http:\/\/altungida.yemexpress.org\/?post_type=product&#038;p=2372"},"modified":"2025-09-11T15:07:14","modified_gmt":"2025-09-11T12:07:14","slug":"kavrulmus-ic-findik-250gr","status":"publish","type":"product","link":"https:\/\/www.altungida.com.tr\/en\/product\/kavrulmus-ic-findik-250gr\/","title":{"rendered":"Kavrulmu\u015f \u0130\u00e7 F\u0131nd\u0131k 250 GR"},"content":{"rendered":"","protected":false},"excerpt":{"rendered":"","protected":false},"featured_media":5386,"template":"","meta":[],"product_cat":[102],"product_tag":[],"_links":{"self":[{"href":"https:\/\/www.altungida.com.tr\/en\/wp-json\/wp\/v2\/product\/2372"}],"collection":[{"href":"https:\/\/www.altungida.com.tr\/en\/wp-json\/wp\/v2\/product"}],"about":[{"href":"https:\/\/www.altungida.com.tr\/en\/wp-json\/wp\/v2\/types\/product"}],"wp:featuredmedia":[{"embeddable":true,"href":"https:\/\/www.altungida.com.tr\/en\/wp-json\/wp\/v2\/media\/5386"}],"wp:attachment":[{"href":"https:\/\/www.altungida.com.tr\/en\/wp-json\/wp\/v2\/media?parent=2372"}],"wp:term":[{"taxonomy":"product_cat","embeddable":true,"href":"https:\/\/www.altungida.com.tr\/en\/wp-json\/wp\/v2\/product_cat?post=2372"},{"taxonomy":"product_tag","embeddable":true,"href":"https:\/\/www.altungida.com.tr\/en\/wp-json\/wp\/v2\/product_tag?post=2372"}],"curies":[{"name":"wp","href":"https:\/\/api.w.org\/{rel}","templated":true}]}}