{"id":2376,"date":"2017-12-02T12:04:47","date_gmt":"2017-12-02T09:04:47","guid":{"rendered":"http:\/\/altungida.yemexpress.org\/?post_type=product&#038;p=2376"},"modified":"2025-09-18T13:51:07","modified_gmt":"2025-09-18T10:51:07","slug":"kalin-kiyilmis-findik","status":"publish","type":"product","link":"https:\/\/www.altungida.com.tr\/en\/product\/kalin-kiyilmis-findik\/","title":{"rendered":"Kal\u0131n K\u0131y\u0131lm\u0131\u015f 250gr"},"content":{"rendered":"","protected":false},"excerpt":{"rendered":"","protected":false},"featured_media":5410,"template":"","meta":[],"product_cat":[104],"product_tag":[],"_links":{"self":[{"href":"https:\/\/www.altungida.com.tr\/en\/wp-json\/wp\/v2\/product\/2376"}],"collection":[{"href":"https:\/\/www.altungida.com.tr\/en\/wp-json\/wp\/v2\/product"}],"about":[{"href":"https:\/\/www.altungida.com.tr\/en\/wp-json\/wp\/v2\/types\/product"}],"wp:featuredmedia":[{"embeddable":true,"href":"https:\/\/www.altungida.com.tr\/en\/wp-json\/wp\/v2\/media\/5410"}],"wp:attachment":[{"href":"https:\/\/www.altungida.com.tr\/en\/wp-json\/wp\/v2\/media?parent=2376"}],"wp:term":[{"taxonomy":"product_cat","embeddable":true,"href":"https:\/\/www.altungida.com.tr\/en\/wp-json\/wp\/v2\/product_cat?post=2376"},{"taxonomy":"product_tag","embeddable":true,"href":"https:\/\/www.altungida.com.tr\/en\/wp-json\/wp\/v2\/product_tag?post=2376"}],"curies":[{"name":"wp","href":"https:\/\/api.w.org\/{rel}","templated":true}]}}