{"id":2377,"date":"2017-12-02T12:05:03","date_gmt":"2017-12-02T09:05:03","guid":{"rendered":"http:\/\/altungida.yemexpress.org\/?post_type=product&#038;p=2377"},"modified":"2025-09-11T15:06:53","modified_gmt":"2025-09-11T12:06:53","slug":"hediyelik-kavrulmus-findik","status":"publish","type":"product","link":"https:\/\/www.altungida.com.tr\/en\/product\/hediyelik-kavrulmus-findik\/","title":{"rendered":"Hediyelik Kavrulmu\u015f F\u0131nd\u0131k 500GR"},"content":{"rendered":"","protected":false},"excerpt":{"rendered":"","protected":false},"featured_media":2754,"template":"","meta":[],"product_cat":[102],"product_tag":[],"_links":{"self":[{"href":"https:\/\/www.altungida.com.tr\/en\/wp-json\/wp\/v2\/product\/2377"}],"collection":[{"href":"https:\/\/www.altungida.com.tr\/en\/wp-json\/wp\/v2\/product"}],"about":[{"href":"https:\/\/www.altungida.com.tr\/en\/wp-json\/wp\/v2\/types\/product"}],"wp:featuredmedia":[{"embeddable":true,"href":"https:\/\/www.altungida.com.tr\/en\/wp-json\/wp\/v2\/media\/2754"}],"wp:attachment":[{"href":"https:\/\/www.altungida.com.tr\/en\/wp-json\/wp\/v2\/media?parent=2377"}],"wp:term":[{"taxonomy":"product_cat","embeddable":true,"href":"https:\/\/www.altungida.com.tr\/en\/wp-json\/wp\/v2\/product_cat?post=2377"},{"taxonomy":"product_tag","embeddable":true,"href":"https:\/\/www.altungida.com.tr\/en\/wp-json\/wp\/v2\/product_tag?post=2377"}],"curies":[{"name":"wp","href":"https:\/\/api.w.org\/{rel}","templated":true}]}}