{"id":2860,"date":"2018-02-12T19:00:02","date_gmt":"2018-02-12T16:00:02","guid":{"rendered":"http:\/\/www.altungida.com.tr\/?post_type=product&#038;p=2860"},"modified":"2025-09-18T12:26:00","modified_gmt":"2025-09-18T09:26:00","slug":"kalin-kiyilmis-500gr","status":"publish","type":"product","link":"https:\/\/www.altungida.com.tr\/en\/product\/kalin-kiyilmis-500gr\/","title":{"rendered":"Kal\u0131n K\u0131y\u0131lm\u0131\u015f 500gr"},"content":{"rendered":"","protected":false},"excerpt":{"rendered":"","protected":false},"featured_media":5409,"template":"","meta":[],"product_cat":[104],"product_tag":[],"_links":{"self":[{"href":"https:\/\/www.altungida.com.tr\/en\/wp-json\/wp\/v2\/product\/2860"}],"collection":[{"href":"https:\/\/www.altungida.com.tr\/en\/wp-json\/wp\/v2\/product"}],"about":[{"href":"https:\/\/www.altungida.com.tr\/en\/wp-json\/wp\/v2\/types\/product"}],"wp:featuredmedia":[{"embeddable":true,"href":"https:\/\/www.altungida.com.tr\/en\/wp-json\/wp\/v2\/media\/5409"}],"wp:attachment":[{"href":"https:\/\/www.altungida.com.tr\/en\/wp-json\/wp\/v2\/media?parent=2860"}],"wp:term":[{"taxonomy":"product_cat","embeddable":true,"href":"https:\/\/www.altungida.com.tr\/en\/wp-json\/wp\/v2\/product_cat?post=2860"},{"taxonomy":"product_tag","embeddable":true,"href":"https:\/\/www.altungida.com.tr\/en\/wp-json\/wp\/v2\/product_tag?post=2860"}],"curies":[{"name":"wp","href":"https:\/\/api.w.org\/{rel}","templated":true}]}}