{"id":2864,"date":"2018-02-12T20:20:55","date_gmt":"2018-02-12T17:20:55","guid":{"rendered":"http:\/\/www.altungida.com.tr\/?post_type=product&#038;p=2864"},"modified":"2025-09-11T15:08:37","modified_gmt":"2025-09-11T12:08:37","slug":"kavrulmus-ic-findik-120gr","status":"publish","type":"product","link":"https:\/\/www.altungida.com.tr\/en\/product\/kavrulmus-ic-findik-120gr\/","title":{"rendered":"Kavrulmu\u015f \u0130\u00e7 F\u0131nd\u0131k 120 GR"},"content":{"rendered":"","protected":false},"excerpt":{"rendered":"","protected":false},"featured_media":5386,"template":"","meta":[],"product_cat":[102],"product_tag":[],"_links":{"self":[{"href":"https:\/\/www.altungida.com.tr\/en\/wp-json\/wp\/v2\/product\/2864"}],"collection":[{"href":"https:\/\/www.altungida.com.tr\/en\/wp-json\/wp\/v2\/product"}],"about":[{"href":"https:\/\/www.altungida.com.tr\/en\/wp-json\/wp\/v2\/types\/product"}],"wp:featuredmedia":[{"embeddable":true,"href":"https:\/\/www.altungida.com.tr\/en\/wp-json\/wp\/v2\/media\/5386"}],"wp:attachment":[{"href":"https:\/\/www.altungida.com.tr\/en\/wp-json\/wp\/v2\/media?parent=2864"}],"wp:term":[{"taxonomy":"product_cat","embeddable":true,"href":"https:\/\/www.altungida.com.tr\/en\/wp-json\/wp\/v2\/product_cat?post=2864"},{"taxonomy":"product_tag","embeddable":true,"href":"https:\/\/www.altungida.com.tr\/en\/wp-json\/wp\/v2\/product_tag?post=2864"}],"curies":[{"name":"wp","href":"https:\/\/api.w.org\/{rel}","templated":true}]}}