{"id":2866,"date":"2018-02-12T20:29:20","date_gmt":"2018-02-12T17:29:20","guid":{"rendered":"http:\/\/www.altungida.com.tr\/?post_type=product&#038;p=2866"},"modified":"2025-09-18T12:24:35","modified_gmt":"2025-09-18T09:24:35","slug":"kalin-kiyilmis-1kg","status":"publish","type":"product","link":"https:\/\/www.altungida.com.tr\/en\/product\/kalin-kiyilmis-1kg\/","title":{"rendered":"Kal\u0131n K\u0131y\u0131lm\u0131\u015f 1Kg"},"content":{"rendered":"","protected":false},"excerpt":{"rendered":"","protected":false},"featured_media":5411,"template":"","meta":[],"product_cat":[104],"product_tag":[],"_links":{"self":[{"href":"https:\/\/www.altungida.com.tr\/en\/wp-json\/wp\/v2\/product\/2866"}],"collection":[{"href":"https:\/\/www.altungida.com.tr\/en\/wp-json\/wp\/v2\/product"}],"about":[{"href":"https:\/\/www.altungida.com.tr\/en\/wp-json\/wp\/v2\/types\/product"}],"wp:featuredmedia":[{"embeddable":true,"href":"https:\/\/www.altungida.com.tr\/en\/wp-json\/wp\/v2\/media\/5411"}],"wp:attachment":[{"href":"https:\/\/www.altungida.com.tr\/en\/wp-json\/wp\/v2\/media?parent=2866"}],"wp:term":[{"taxonomy":"product_cat","embeddable":true,"href":"https:\/\/www.altungida.com.tr\/en\/wp-json\/wp\/v2\/product_cat?post=2866"},{"taxonomy":"product_tag","embeddable":true,"href":"https:\/\/www.altungida.com.tr\/en\/wp-json\/wp\/v2\/product_tag?post=2866"}],"curies":[{"name":"wp","href":"https:\/\/api.w.org\/{rel}","templated":true}]}}