{"id":2879,"date":"2018-02-15T18:43:15","date_gmt":"2018-02-15T15:43:15","guid":{"rendered":"http:\/\/www.altungida.com.tr\/?post_type=product&#038;p=2879"},"modified":"2025-09-11T15:09:41","modified_gmt":"2025-09-11T12:09:41","slug":"naturel-findik-cig","status":"publish","type":"product","link":"https:\/\/www.altungida.com.tr\/en\/product\/naturel-findik-cig\/","title":{"rendered":"Nat\u00fcrel F\u0131nd\u0131k(\u00c7i\u011f) 1KG"},"content":{"rendered":"","protected":false},"excerpt":{"rendered":"","protected":false},"featured_media":5402,"template":"","meta":[],"product_cat":[105],"product_tag":[],"_links":{"self":[{"href":"https:\/\/www.altungida.com.tr\/en\/wp-json\/wp\/v2\/product\/2879"}],"collection":[{"href":"https:\/\/www.altungida.com.tr\/en\/wp-json\/wp\/v2\/product"}],"about":[{"href":"https:\/\/www.altungida.com.tr\/en\/wp-json\/wp\/v2\/types\/product"}],"wp:featuredmedia":[{"embeddable":true,"href":"https:\/\/www.altungida.com.tr\/en\/wp-json\/wp\/v2\/media\/5402"}],"wp:attachment":[{"href":"https:\/\/www.altungida.com.tr\/en\/wp-json\/wp\/v2\/media?parent=2879"}],"wp:term":[{"taxonomy":"product_cat","embeddable":true,"href":"https:\/\/www.altungida.com.tr\/en\/wp-json\/wp\/v2\/product_cat?post=2879"},{"taxonomy":"product_tag","embeddable":true,"href":"https:\/\/www.altungida.com.tr\/en\/wp-json\/wp\/v2\/product_tag?post=2879"}],"curies":[{"name":"wp","href":"https:\/\/api.w.org\/{rel}","templated":true}]}}