{"id":2881,"date":"2018-02-15T18:47:19","date_gmt":"2018-02-15T15:47:19","guid":{"rendered":"http:\/\/www.altungida.com.tr\/?post_type=product&#038;p=2881"},"modified":"2025-09-11T15:10:34","modified_gmt":"2025-09-11T12:10:34","slug":"naturel-findik-cig-250gr","status":"publish","type":"product","link":"https:\/\/www.altungida.com.tr\/en\/product\/naturel-findik-cig-250gr\/","title":{"rendered":"Nat\u00fcrel F\u0131nd\u0131k(\u00c7i\u011f) 250gr"},"content":{"rendered":"","protected":false},"excerpt":{"rendered":"","protected":false},"featured_media":5400,"template":"","meta":[],"product_cat":[105],"product_tag":[],"_links":{"self":[{"href":"https:\/\/www.altungida.com.tr\/en\/wp-json\/wp\/v2\/product\/2881"}],"collection":[{"href":"https:\/\/www.altungida.com.tr\/en\/wp-json\/wp\/v2\/product"}],"about":[{"href":"https:\/\/www.altungida.com.tr\/en\/wp-json\/wp\/v2\/types\/product"}],"wp:featuredmedia":[{"embeddable":true,"href":"https:\/\/www.altungida.com.tr\/en\/wp-json\/wp\/v2\/media\/5400"}],"wp:attachment":[{"href":"https:\/\/www.altungida.com.tr\/en\/wp-json\/wp\/v2\/media?parent=2881"}],"wp:term":[{"taxonomy":"product_cat","embeddable":true,"href":"https:\/\/www.altungida.com.tr\/en\/wp-json\/wp\/v2\/product_cat?post=2881"},{"taxonomy":"product_tag","embeddable":true,"href":"https:\/\/www.altungida.com.tr\/en\/wp-json\/wp\/v2\/product_tag?post=2881"}],"curies":[{"name":"wp","href":"https:\/\/api.w.org\/{rel}","templated":true}]}}