{"id":4489,"date":"2021-11-12T16:58:31","date_gmt":"2021-11-12T13:58:31","guid":{"rendered":"https:\/\/www.altungida.com.tr\/?post_type=product&#038;p=4489"},"modified":"2025-09-18T13:52:54","modified_gmt":"2025-09-18T10:52:54","slug":"findik-ezmesi-280gr","status":"publish","type":"product","link":"https:\/\/www.altungida.com.tr\/en\/product\/findik-ezmesi-280gr\/","title":{"rendered":"F\u0131nd\u0131k Ezmesi 280gr"},"content":{"rendered":"","protected":false},"excerpt":{"rendered":"<p>Ezmelerimiz %78 f\u0131nd\u0131k %22 pancar \u015fekeri i\u00e7erir.\u00dcr\u00fcnlerimizin hi\u00e7birinde koruyucu ve katk\u0131 maddesi bulunmamaktad\u0131r.<\/p>","protected":false},"featured_media":5380,"template":"","meta":[],"product_cat":[80],"product_tag":[],"_links":{"self":[{"href":"https:\/\/www.altungida.com.tr\/en\/wp-json\/wp\/v2\/product\/4489"}],"collection":[{"href":"https:\/\/www.altungida.com.tr\/en\/wp-json\/wp\/v2\/product"}],"about":[{"href":"https:\/\/www.altungida.com.tr\/en\/wp-json\/wp\/v2\/types\/product"}],"wp:featuredmedia":[{"embeddable":true,"href":"https:\/\/www.altungida.com.tr\/en\/wp-json\/wp\/v2\/media\/5380"}],"wp:attachment":[{"href":"https:\/\/www.altungida.com.tr\/en\/wp-json\/wp\/v2\/media?parent=4489"}],"wp:term":[{"taxonomy":"product_cat","embeddable":true,"href":"https:\/\/www.altungida.com.tr\/en\/wp-json\/wp\/v2\/product_cat?post=4489"},{"taxonomy":"product_tag","embeddable":true,"href":"https:\/\/www.altungida.com.tr\/en\/wp-json\/wp\/v2\/product_tag?post=4489"}],"curies":[{"name":"wp","href":"https:\/\/api.w.org\/{rel}","templated":true}]}}