{"id":5102,"date":"2023-06-04T21:41:56","date_gmt":"2023-06-04T18:41:56","guid":{"rendered":"https:\/\/www.altungida.com.tr\/?post_type=product&#038;p=5102"},"modified":"2025-09-18T13:58:37","modified_gmt":"2025-09-18T10:58:37","slug":"sutlu-findik-kremasi-350-gram","status":"publish","type":"product","link":"https:\/\/www.altungida.com.tr\/en\/product\/sutlu-findik-kremasi-350-gram\/","title":{"rendered":"S\u00fctl\u00fc F\u0131nd\u0131k Kremas\u0131 350 GR"},"content":{"rendered":"","protected":false},"excerpt":{"rendered":"<p>\u0130\u00e7indekiler: F\u0131nd\u0131k(%35), \u015feker(pancar \u015fekeri),bitkisel ya\u011flar(ay\u00e7i\u00e7ek,pamuk), s\u00fct tozu(%7), peynir alt\u0131 suyu tozu, aroma verici(vanilin), tuz, em\u00fclgat\u00f6r(ay\u00e7i\u00e7ek lesitini), <\/p>","protected":false},"featured_media":5359,"template":"","meta":[],"product_cat":[138],"product_tag":[129,130,133],"_links":{"self":[{"href":"https:\/\/www.altungida.com.tr\/en\/wp-json\/wp\/v2\/product\/5102"}],"collection":[{"href":"https:\/\/www.altungida.com.tr\/en\/wp-json\/wp\/v2\/product"}],"about":[{"href":"https:\/\/www.altungida.com.tr\/en\/wp-json\/wp\/v2\/types\/product"}],"wp:featuredmedia":[{"embeddable":true,"href":"https:\/\/www.altungida.com.tr\/en\/wp-json\/wp\/v2\/media\/5359"}],"wp:attachment":[{"href":"https:\/\/www.altungida.com.tr\/en\/wp-json\/wp\/v2\/media?parent=5102"}],"wp:term":[{"taxonomy":"product_cat","embeddable":true,"href":"https:\/\/www.altungida.com.tr\/en\/wp-json\/wp\/v2\/product_cat?post=5102"},{"taxonomy":"product_tag","embeddable":true,"href":"https:\/\/www.altungida.com.tr\/en\/wp-json\/wp\/v2\/product_tag?post=5102"}],"curies":[{"name":"wp","href":"https:\/\/api.w.org\/{rel}","templated":true}]}}