{"id":5104,"date":"2023-06-04T21:51:18","date_gmt":"2023-06-04T18:51:18","guid":{"rendered":"https:\/\/www.altungida.com.tr\/?post_type=product&#038;p=5104"},"modified":"2025-09-18T13:58:15","modified_gmt":"2025-09-18T10:58:15","slug":"kakaolu-findik-kremasi-350-gram","status":"publish","type":"product","link":"https:\/\/www.altungida.com.tr\/en\/product\/kakaolu-findik-kremasi-350-gram\/","title":{"rendered":"Kakaolu F\u0131nd\u0131k Kremas\u0131 350 GR"},"content":{"rendered":"","protected":false},"excerpt":{"rendered":"<p><span style=\"color: #ff0000;\"><strong>\u0130\u00e7indekiler:<\/strong><\/span> F\u0131nd\u0131k(%22), \u015feker(pancar \u015fekeri), bitkisel ya\u011flar(ay\u00e7i\u00e7ek,pamuk), s\u00fct tozu(%9), peynir alt\u0131 suyu tozu, kakao tozu(%5,5), kakao kitlesi, aroma verici(vanilin), em\u00fclgat\u00f6r(ay\u00e7i\u00e7ek lesitini)<\/p>","protected":false},"featured_media":5358,"template":"","meta":[],"product_cat":[138],"product_tag":[129,128,130],"_links":{"self":[{"href":"https:\/\/www.altungida.com.tr\/en\/wp-json\/wp\/v2\/product\/5104"}],"collection":[{"href":"https:\/\/www.altungida.com.tr\/en\/wp-json\/wp\/v2\/product"}],"about":[{"href":"https:\/\/www.altungida.com.tr\/en\/wp-json\/wp\/v2\/types\/product"}],"wp:featuredmedia":[{"embeddable":true,"href":"https:\/\/www.altungida.com.tr\/en\/wp-json\/wp\/v2\/media\/5358"}],"wp:attachment":[{"href":"https:\/\/www.altungida.com.tr\/en\/wp-json\/wp\/v2\/media?parent=5104"}],"wp:term":[{"taxonomy":"product_cat","embeddable":true,"href":"https:\/\/www.altungida.com.tr\/en\/wp-json\/wp\/v2\/product_cat?post=5104"},{"taxonomy":"product_tag","embeddable":true,"href":"https:\/\/www.altungida.com.tr\/en\/wp-json\/wp\/v2\/product_tag?post=5104"}],"curies":[{"name":"wp","href":"https:\/\/api.w.org\/{rel}","templated":true}]}}