{"id":5106,"date":"2023-06-04T21:55:48","date_gmt":"2023-06-04T18:55:48","guid":{"rendered":"https:\/\/www.altungida.com.tr\/?post_type=product&#038;p=5106"},"modified":"2025-08-27T13:32:28","modified_gmt":"2025-08-27T10:32:28","slug":"portakalli-findik-ezmesi-320-gram","status":"publish","type":"product","link":"https:\/\/www.altungida.com.tr\/en\/product\/portakalli-findik-ezmesi-320-gram\/","title":{"rendered":"Portakall\u0131 F\u0131nd\u0131k Ezmesi 320 GR"},"content":{"rendered":"","protected":false},"excerpt":{"rendered":"<p><span style=\"color: #ff0000;\"><strong>\u0130\u00e7indekiler:<\/strong><\/span> F\u0131nd\u0131k(%78), \u015feker(pancar \u015fekeri), portakal aromas\u0131<\/p>","protected":false},"featured_media":5360,"template":"","meta":[],"product_cat":[117,80],"product_tag":[132,129,131],"_links":{"self":[{"href":"https:\/\/www.altungida.com.tr\/en\/wp-json\/wp\/v2\/product\/5106"}],"collection":[{"href":"https:\/\/www.altungida.com.tr\/en\/wp-json\/wp\/v2\/product"}],"about":[{"href":"https:\/\/www.altungida.com.tr\/en\/wp-json\/wp\/v2\/types\/product"}],"wp:featuredmedia":[{"embeddable":true,"href":"https:\/\/www.altungida.com.tr\/en\/wp-json\/wp\/v2\/media\/5360"}],"wp:attachment":[{"href":"https:\/\/www.altungida.com.tr\/en\/wp-json\/wp\/v2\/media?parent=5106"}],"wp:term":[{"taxonomy":"product_cat","embeddable":true,"href":"https:\/\/www.altungida.com.tr\/en\/wp-json\/wp\/v2\/product_cat?post=5106"},{"taxonomy":"product_tag","embeddable":true,"href":"https:\/\/www.altungida.com.tr\/en\/wp-json\/wp\/v2\/product_tag?post=5106"}],"curies":[{"name":"wp","href":"https:\/\/api.w.org\/{rel}","templated":true}]}}