{"id":5363,"date":"2024-03-07T13:59:38","date_gmt":"2024-03-07T10:59:38","guid":{"rendered":"https:\/\/www.altungida.com.tr\/?post_type=product&#038;p=5363"},"modified":"2025-09-18T13:56:59","modified_gmt":"2025-09-18T10:56:59","slug":"sekersiz-findik-ezmesi-300gr","status":"publish","type":"product","link":"https:\/\/www.altungida.com.tr\/en\/product\/sekersiz-findik-ezmesi-300gr\/","title":{"rendered":"\u015eekersiz F\u0131nd\u0131k Ezmesi 300 GR"},"content":{"rendered":"<p style=\"text-align: left;\"><span style=\"color: #000000;\">%100 f\u0131nd\u0131k i\u00e7eren tamamen do\u011fal f\u0131nd\u0131k ezmesi.<\/span><\/p>","protected":false},"excerpt":{"rendered":"<p><span style=\"color: #ff0000;\"><strong>\u0130\u00e7indekiler:<\/strong> <\/span>% 100 f\u0131nd\u0131k i\u00e7ermektedir.<\/p>","protected":false},"featured_media":5364,"template":"","meta":[],"product_cat":[80],"product_tag":[132,129,135],"_links":{"self":[{"href":"https:\/\/www.altungida.com.tr\/en\/wp-json\/wp\/v2\/product\/5363"}],"collection":[{"href":"https:\/\/www.altungida.com.tr\/en\/wp-json\/wp\/v2\/product"}],"about":[{"href":"https:\/\/www.altungida.com.tr\/en\/wp-json\/wp\/v2\/types\/product"}],"wp:featuredmedia":[{"embeddable":true,"href":"https:\/\/www.altungida.com.tr\/en\/wp-json\/wp\/v2\/media\/5364"}],"wp:attachment":[{"href":"https:\/\/www.altungida.com.tr\/en\/wp-json\/wp\/v2\/media?parent=5363"}],"wp:term":[{"taxonomy":"product_cat","embeddable":true,"href":"https:\/\/www.altungida.com.tr\/en\/wp-json\/wp\/v2\/product_cat?post=5363"},{"taxonomy":"product_tag","embeddable":true,"href":"https:\/\/www.altungida.com.tr\/en\/wp-json\/wp\/v2\/product_tag?post=5363"}],"curies":[{"name":"wp","href":"https:\/\/api.w.org\/{rel}","templated":true}]}}