{"id":5644,"date":"2024-06-01T17:50:39","date_gmt":"2024-06-01T14:50:39","guid":{"rendered":"https:\/\/www.altungida.com.tr\/?post_type=product&#038;p=5644"},"modified":"2025-09-18T13:59:42","modified_gmt":"2025-09-18T10:59:42","slug":"kakaolu-findik-kremasi-500gr","status":"publish","type":"product","link":"https:\/\/www.altungida.com.tr\/en\/product\/kakaolu-findik-kremasi-500gr\/","title":{"rendered":"Kakaolu F\u0131nd\u0131k Kremas\u0131 500gr"},"content":{"rendered":"","protected":false},"excerpt":{"rendered":"<p>\u0130\u00e7indekiler: F\u0131nd\u0131k(%22), \u015feker(pancar \u015fekeri), bitkisel ya\u011flar(ay\u00e7i\u00e7ek,pamuk), s\u00fct tozu(%9), peynir alt\u0131 suyu tozu, kakao tozu(%5,5), kakao kitlesi, aroma verici(vanilin), em\u00fclgat\u00f6r(ay\u00e7i\u00e7ek lesitini)<\/p>","protected":false},"featured_media":5668,"template":"","meta":[],"product_cat":[138],"product_tag":[],"_links":{"self":[{"href":"https:\/\/www.altungida.com.tr\/en\/wp-json\/wp\/v2\/product\/5644"}],"collection":[{"href":"https:\/\/www.altungida.com.tr\/en\/wp-json\/wp\/v2\/product"}],"about":[{"href":"https:\/\/www.altungida.com.tr\/en\/wp-json\/wp\/v2\/types\/product"}],"wp:featuredmedia":[{"embeddable":true,"href":"https:\/\/www.altungida.com.tr\/en\/wp-json\/wp\/v2\/media\/5668"}],"wp:attachment":[{"href":"https:\/\/www.altungida.com.tr\/en\/wp-json\/wp\/v2\/media?parent=5644"}],"wp:term":[{"taxonomy":"product_cat","embeddable":true,"href":"https:\/\/www.altungida.com.tr\/en\/wp-json\/wp\/v2\/product_cat?post=5644"},{"taxonomy":"product_tag","embeddable":true,"href":"https:\/\/www.altungida.com.tr\/en\/wp-json\/wp\/v2\/product_tag?post=5644"}],"curies":[{"name":"wp","href":"https:\/\/api.w.org\/{rel}","templated":true}]}}