{"id":5669,"date":"2024-06-04T00:33:19","date_gmt":"2024-06-03T21:33:19","guid":{"rendered":"https:\/\/www.altungida.com.tr\/?post_type=product&#038;p=5669"},"modified":"2025-09-18T14:00:50","modified_gmt":"2025-09-18T11:00:50","slug":"findik-parcacikli-sutlu-findik-kremasi-500gr","status":"publish","type":"product","link":"https:\/\/www.altungida.com.tr\/en\/product\/findik-parcacikli-sutlu-findik-kremasi-500gr\/","title":{"rendered":"F\u0131nd\u0131k Par\u00e7ac\u0131kl\u0131 S\u00fctl\u00fc F\u0131nd\u0131k Kremas\u0131 500GR"},"content":{"rendered":"","protected":false},"excerpt":{"rendered":"<p style=\"text-align: left;\"><strong><span style=\"color: #ff0000;\">\u0130\u00e7indekiler:<\/span><\/strong> <strong>%50 f\u0131nd\u0131k<\/strong> i\u00e7ermektedir. \u015eeker(pancar \u015fekeri),bitkisel ya\u011f(ay\u00e7i\u00e7ek,pamuk),s\u00fct tozu(%7), peynir alt\u0131 suyu tozu, aroma verici(vanilin), tuz, em\u00fclgat\u00f6r(ay\u00e7i\u00e7ek lesitini)<\/p>","protected":false},"featured_media":5671,"template":"","meta":[],"product_cat":[138],"product_tag":[],"_links":{"self":[{"href":"https:\/\/www.altungida.com.tr\/en\/wp-json\/wp\/v2\/product\/5669"}],"collection":[{"href":"https:\/\/www.altungida.com.tr\/en\/wp-json\/wp\/v2\/product"}],"about":[{"href":"https:\/\/www.altungida.com.tr\/en\/wp-json\/wp\/v2\/types\/product"}],"wp:featuredmedia":[{"embeddable":true,"href":"https:\/\/www.altungida.com.tr\/en\/wp-json\/wp\/v2\/media\/5671"}],"wp:attachment":[{"href":"https:\/\/www.altungida.com.tr\/en\/wp-json\/wp\/v2\/media?parent=5669"}],"wp:term":[{"taxonomy":"product_cat","embeddable":true,"href":"https:\/\/www.altungida.com.tr\/en\/wp-json\/wp\/v2\/product_cat?post=5669"},{"taxonomy":"product_tag","embeddable":true,"href":"https:\/\/www.altungida.com.tr\/en\/wp-json\/wp\/v2\/product_tag?post=5669"}],"curies":[{"name":"wp","href":"https:\/\/api.w.org\/{rel}","templated":true}]}}