{"id":5672,"date":"2024-06-04T00:44:04","date_gmt":"2024-06-03T21:44:04","guid":{"rendered":"https:\/\/www.altungida.com.tr\/?post_type=product&#038;p=5672"},"modified":"2025-09-18T14:00:23","modified_gmt":"2025-09-18T11:00:23","slug":"findik-parcacikli-kakaolu-findik-kremasi-500gr","status":"publish","type":"product","link":"https:\/\/www.altungida.com.tr\/en\/product\/findik-parcacikli-kakaolu-findik-kremasi-500gr\/","title":{"rendered":"F\u0131nd\u0131k Par\u00e7ac\u0131kl\u0131 Kakaolu F\u0131nd\u0131k Kremas\u0131 500GR"},"content":{"rendered":"","protected":false},"excerpt":{"rendered":"<p style=\"text-align: left;\"><strong><span style=\"color: #ff0000;\">\u0130\u00e7indekiler:<\/span><\/strong>F\u0131nd\u0131k(%35), \u015feker(pancar \u015fekeri), bitkisel ya\u011f(ay\u00e7i\u00e7ek,pamuk), s\u00fct tozu(%9), peynir alt\u0131 suyu tozu, kakao tozu(%5,5), kakao kitlesi, aroma verici(vanilin), em\u00fclgat\u00f6r(ay\u00e7i\u00e7ek lesitini)<\/p>","protected":false},"featured_media":5674,"template":"","meta":[],"product_cat":[138],"product_tag":[],"_links":{"self":[{"href":"https:\/\/www.altungida.com.tr\/en\/wp-json\/wp\/v2\/product\/5672"}],"collection":[{"href":"https:\/\/www.altungida.com.tr\/en\/wp-json\/wp\/v2\/product"}],"about":[{"href":"https:\/\/www.altungida.com.tr\/en\/wp-json\/wp\/v2\/types\/product"}],"wp:featuredmedia":[{"embeddable":true,"href":"https:\/\/www.altungida.com.tr\/en\/wp-json\/wp\/v2\/media\/5674"}],"wp:attachment":[{"href":"https:\/\/www.altungida.com.tr\/en\/wp-json\/wp\/v2\/media?parent=5672"}],"wp:term":[{"taxonomy":"product_cat","embeddable":true,"href":"https:\/\/www.altungida.com.tr\/en\/wp-json\/wp\/v2\/product_cat?post=5672"},{"taxonomy":"product_tag","embeddable":true,"href":"https:\/\/www.altungida.com.tr\/en\/wp-json\/wp\/v2\/product_tag?post=5672"}],"curies":[{"name":"wp","href":"https:\/\/api.w.org\/{rel}","templated":true}]}}