{"id":6100,"date":"2025-07-14T12:27:33","date_gmt":"2025-07-14T09:27:33","guid":{"rendered":"https:\/\/www.altungida.com.tr\/?post_type=product&#038;p=6100"},"modified":"2025-08-20T20:03:26","modified_gmt":"2025-08-20T17:03:26","slug":"findikli-krokant-175gr","status":"publish","type":"product","link":"https:\/\/www.altungida.com.tr\/en\/product\/findikli-krokant-175gr\/","title":{"rendered":"FINDIKLI KROKANT 175GR"},"content":{"rendered":"","protected":false},"excerpt":{"rendered":"<p><span style=\"color: #ff0000;\"><strong>\u0130\u00e7indekiler:<\/strong> <\/span>K\u0131y\u0131lm\u0131\u015f F\u0131nd\u0131k,Krokant Toz Kar\u0131\u015f\u0131m\u0131,Pancar \u015eekeri<\/p>","protected":false},"featured_media":6101,"template":"","meta":[],"product_cat":[146],"product_tag":[],"_links":{"self":[{"href":"https:\/\/www.altungida.com.tr\/en\/wp-json\/wp\/v2\/product\/6100"}],"collection":[{"href":"https:\/\/www.altungida.com.tr\/en\/wp-json\/wp\/v2\/product"}],"about":[{"href":"https:\/\/www.altungida.com.tr\/en\/wp-json\/wp\/v2\/types\/product"}],"wp:featuredmedia":[{"embeddable":true,"href":"https:\/\/www.altungida.com.tr\/en\/wp-json\/wp\/v2\/media\/6101"}],"wp:attachment":[{"href":"https:\/\/www.altungida.com.tr\/en\/wp-json\/wp\/v2\/media?parent=6100"}],"wp:term":[{"taxonomy":"product_cat","embeddable":true,"href":"https:\/\/www.altungida.com.tr\/en\/wp-json\/wp\/v2\/product_cat?post=6100"},{"taxonomy":"product_tag","embeddable":true,"href":"https:\/\/www.altungida.com.tr\/en\/wp-json\/wp\/v2\/product_tag?post=6100"}],"curies":[{"name":"wp","href":"https:\/\/api.w.org\/{rel}","templated":true}]}}