{"id":6112,"date":"2025-07-19T14:33:31","date_gmt":"2025-07-19T11:33:31","guid":{"rendered":"https:\/\/www.altungida.com.tr\/?post_type=product&#038;p=6112"},"modified":"2025-08-20T20:04:32","modified_gmt":"2025-08-20T17:04:32","slug":"findikli-krokant-100gr","status":"publish","type":"product","link":"https:\/\/www.altungida.com.tr\/en\/product\/findikli-krokant-100gr\/","title":{"rendered":"FINDIKLI KROKANT 100GR"},"content":{"rendered":"","protected":false},"excerpt":{"rendered":"<p><strong><span style=\"color: #ff0000;\">\u0130\u00e7indekiler:<\/span><\/strong> K\u0131y\u0131lm\u0131\u015f F\u0131nd\u0131k, Krokant Toz Kar\u0131\u015f\u0131m\u0131, Pancar \u015eekeri.<\/p>","protected":false},"featured_media":6113,"template":"","meta":[],"product_cat":[146],"product_tag":[],"_links":{"self":[{"href":"https:\/\/www.altungida.com.tr\/en\/wp-json\/wp\/v2\/product\/6112"}],"collection":[{"href":"https:\/\/www.altungida.com.tr\/en\/wp-json\/wp\/v2\/product"}],"about":[{"href":"https:\/\/www.altungida.com.tr\/en\/wp-json\/wp\/v2\/types\/product"}],"wp:featuredmedia":[{"embeddable":true,"href":"https:\/\/www.altungida.com.tr\/en\/wp-json\/wp\/v2\/media\/6113"}],"wp:attachment":[{"href":"https:\/\/www.altungida.com.tr\/en\/wp-json\/wp\/v2\/media?parent=6112"}],"wp:term":[{"taxonomy":"product_cat","embeddable":true,"href":"https:\/\/www.altungida.com.tr\/en\/wp-json\/wp\/v2\/product_cat?post=6112"},{"taxonomy":"product_tag","embeddable":true,"href":"https:\/\/www.altungida.com.tr\/en\/wp-json\/wp\/v2\/product_tag?post=6112"}],"curies":[{"name":"wp","href":"https:\/\/api.w.org\/{rel}","templated":true}]}}