{"id":6162,"date":"2025-08-20T18:37:57","date_gmt":"2025-08-20T15:37:57","guid":{"rendered":"https:\/\/www.altungida.com.tr\/?post_type=product&#038;p=6162"},"modified":"2025-09-18T13:56:26","modified_gmt":"2025-09-18T10:56:26","slug":"sekersiz-findik-ezmesi-500gr","status":"publish","type":"product","link":"https:\/\/www.altungida.com.tr\/en\/product\/sekersiz-findik-ezmesi-500gr\/","title":{"rendered":"\u015eEKERS\u0130Z FINDIK EZMES\u0130 500GR"},"content":{"rendered":"","protected":false},"excerpt":{"rendered":"<p><span style=\"color: #ff0000;\"><strong>\u0130\u00e7indekiler:<\/strong><\/span> % 100 f\u0131nd\u0131k i\u00e7ermektedir.<\/p>","protected":false},"featured_media":6164,"template":"","meta":[],"product_cat":[80],"product_tag":[],"_links":{"self":[{"href":"https:\/\/www.altungida.com.tr\/en\/wp-json\/wp\/v2\/product\/6162"}],"collection":[{"href":"https:\/\/www.altungida.com.tr\/en\/wp-json\/wp\/v2\/product"}],"about":[{"href":"https:\/\/www.altungida.com.tr\/en\/wp-json\/wp\/v2\/types\/product"}],"wp:featuredmedia":[{"embeddable":true,"href":"https:\/\/www.altungida.com.tr\/en\/wp-json\/wp\/v2\/media\/6164"}],"wp:attachment":[{"href":"https:\/\/www.altungida.com.tr\/en\/wp-json\/wp\/v2\/media?parent=6162"}],"wp:term":[{"taxonomy":"product_cat","embeddable":true,"href":"https:\/\/www.altungida.com.tr\/en\/wp-json\/wp\/v2\/product_cat?post=6162"},{"taxonomy":"product_tag","embeddable":true,"href":"https:\/\/www.altungida.com.tr\/en\/wp-json\/wp\/v2\/product_tag?post=6162"}],"curies":[{"name":"wp","href":"https:\/\/api.w.org\/{rel}","templated":true}]}}