{"id":6165,"date":"2025-08-20T18:58:24","date_gmt":"2025-08-20T15:58:24","guid":{"rendered":"https:\/\/www.altungida.com.tr\/?post_type=product&#038;p=6165"},"modified":"2025-09-18T14:01:42","modified_gmt":"2025-09-18T11:01:42","slug":"findik-parcacikli-kakaolu-findik-kremasi-300gr","status":"publish","type":"product","link":"https:\/\/www.altungida.com.tr\/en\/product\/findik-parcacikli-kakaolu-findik-kremasi-300gr\/","title":{"rendered":"FINDIK PAR\u00c7ACIKLI KAKAOLU FINDIK KREMASI 300GR"},"content":{"rendered":"","protected":false},"excerpt":{"rendered":"<p><span style=\"color: #ff0000;\"><strong>\u0130\u00e7indekiler:<\/strong><\/span> F\u0131nd\u0131k(%35), \u015feker(pancar \u015fekeri), bitkisel ya\u011f(ay\u00e7i\u00e7ek,pamuk), s\u00fct tozu(%9), peynir alt\u0131 suyu tozu, kakao tozu(%5,5), kakao kitlesi, aroma verici(vanilin),<\/p>","protected":false},"featured_media":6167,"template":"","meta":[],"product_cat":[138],"product_tag":[],"_links":{"self":[{"href":"https:\/\/www.altungida.com.tr\/en\/wp-json\/wp\/v2\/product\/6165"}],"collection":[{"href":"https:\/\/www.altungida.com.tr\/en\/wp-json\/wp\/v2\/product"}],"about":[{"href":"https:\/\/www.altungida.com.tr\/en\/wp-json\/wp\/v2\/types\/product"}],"wp:featuredmedia":[{"embeddable":true,"href":"https:\/\/www.altungida.com.tr\/en\/wp-json\/wp\/v2\/media\/6167"}],"wp:attachment":[{"href":"https:\/\/www.altungida.com.tr\/en\/wp-json\/wp\/v2\/media?parent=6165"}],"wp:term":[{"taxonomy":"product_cat","embeddable":true,"href":"https:\/\/www.altungida.com.tr\/en\/wp-json\/wp\/v2\/product_cat?post=6165"},{"taxonomy":"product_tag","embeddable":true,"href":"https:\/\/www.altungida.com.tr\/en\/wp-json\/wp\/v2\/product_tag?post=6165"}],"curies":[{"name":"wp","href":"https:\/\/api.w.org\/{rel}","templated":true}]}}