{"id":6168,"date":"2025-08-20T19:02:54","date_gmt":"2025-08-20T16:02:54","guid":{"rendered":"https:\/\/www.altungida.com.tr\/?post_type=product&#038;p=6168"},"modified":"2025-09-18T14:01:21","modified_gmt":"2025-09-18T11:01:21","slug":"findik-parcacikli-sutlu-findik-kremasi-300gr","status":"publish","type":"product","link":"https:\/\/www.altungida.com.tr\/en\/product\/findik-parcacikli-sutlu-findik-kremasi-300gr\/","title":{"rendered":"FINDIK PAR\u00c7ACIKLI S\u00dcTL\u00dc FINDIK KREMASI 300GR"},"content":{"rendered":"","protected":false},"excerpt":{"rendered":"<p><span style=\"color: #ff0000;\"><strong>\u0130\u00e7indekiler:<\/strong><\/span>\u00a0<strong>%50 f\u0131nd\u0131k<\/strong> i\u00e7ermektedir. \u015eeker(pancar \u015fekeri), bitkisel ya\u011f(ay\u00e7i\u00e7ek, pamuk),s\u00fct tozu(%7), peynir alt\u0131 suyu tozu, aroma verici(vanilin), tuz,<\/p>","protected":false},"featured_media":6169,"template":"","meta":[],"product_cat":[138],"product_tag":[],"_links":{"self":[{"href":"https:\/\/www.altungida.com.tr\/en\/wp-json\/wp\/v2\/product\/6168"}],"collection":[{"href":"https:\/\/www.altungida.com.tr\/en\/wp-json\/wp\/v2\/product"}],"about":[{"href":"https:\/\/www.altungida.com.tr\/en\/wp-json\/wp\/v2\/types\/product"}],"wp:featuredmedia":[{"embeddable":true,"href":"https:\/\/www.altungida.com.tr\/en\/wp-json\/wp\/v2\/media\/6169"}],"wp:attachment":[{"href":"https:\/\/www.altungida.com.tr\/en\/wp-json\/wp\/v2\/media?parent=6168"}],"wp:term":[{"taxonomy":"product_cat","embeddable":true,"href":"https:\/\/www.altungida.com.tr\/en\/wp-json\/wp\/v2\/product_cat?post=6168"},{"taxonomy":"product_tag","embeddable":true,"href":"https:\/\/www.altungida.com.tr\/en\/wp-json\/wp\/v2\/product_tag?post=6168"}],"curies":[{"name":"wp","href":"https:\/\/api.w.org\/{rel}","templated":true}]}}