{"id":6351,"date":"2025-12-20T18:55:37","date_gmt":"2025-12-20T15:55:37","guid":{"rendered":"https:\/\/www.altungida.com.tr\/?post_type=product&#038;p=6351"},"modified":"2025-12-20T22:09:27","modified_gmt":"2025-12-20T19:09:27","slug":"tahinli-sutlu-findik-kremasi-300gr","status":"publish","type":"product","link":"https:\/\/www.altungida.com.tr\/en\/product\/tahinli-sutlu-findik-kremasi-300gr\/","title":{"rendered":"TAH\u0130NL\u0130 S\u00dcTL\u00dc FINDIK KREMASI 300GR"},"content":{"rendered":"","protected":false},"excerpt":{"rendered":"<p><strong><span style=\"color: #ff0000;\">\u0130\u00e7indekiler:<\/span><\/strong> F\u0131nd\u0131k(%35), \u015feker(pancar \u015fekeri),bitkisel ya\u011flar(ay\u00e7i\u00e7ek,pamuk), s\u00fct tozu(%7), peynir alt\u0131 suyu tozu, aroma verici(vanilin), tuz,ay\u00e7i\u00e7ek lesitini,tahin (%20)<\/p>","protected":false},"featured_media":6357,"template":"","meta":[],"product_cat":[138],"product_tag":[],"_links":{"self":[{"href":"https:\/\/www.altungida.com.tr\/en\/wp-json\/wp\/v2\/product\/6351"}],"collection":[{"href":"https:\/\/www.altungida.com.tr\/en\/wp-json\/wp\/v2\/product"}],"about":[{"href":"https:\/\/www.altungida.com.tr\/en\/wp-json\/wp\/v2\/types\/product"}],"wp:featuredmedia":[{"embeddable":true,"href":"https:\/\/www.altungida.com.tr\/en\/wp-json\/wp\/v2\/media\/6357"}],"wp:attachment":[{"href":"https:\/\/www.altungida.com.tr\/en\/wp-json\/wp\/v2\/media?parent=6351"}],"wp:term":[{"taxonomy":"product_cat","embeddable":true,"href":"https:\/\/www.altungida.com.tr\/en\/wp-json\/wp\/v2\/product_cat?post=6351"},{"taxonomy":"product_tag","embeddable":true,"href":"https:\/\/www.altungida.com.tr\/en\/wp-json\/wp\/v2\/product_tag?post=6351"}],"curies":[{"name":"wp","href":"https:\/\/api.w.org\/{rel}","templated":true}]}}